{"id":2521,"date":"2026-01-04T21:13:50","date_gmt":"2026-01-04T21:13:50","guid":{"rendered":"https:\/\/senzorika.ajvonidol.si\/?post_type=product&#038;p=2521"},"modified":"2026-01-04T21:13:50","modified_gmt":"2026-01-04T21:13:50","slug":"squease-vest-medium","status":"publish","type":"product","link":"https:\/\/senzorika.ajvonidol.si\/en\/product\/squease-vest-medium\/","title":{"rendered":"Squease jopi\u010d &#8211; Medium"},"content":{"rendered":"<p>Squease Jacket je s tlakom napihljiv brezrokavnik in je zasnovan za ljudi s te\u017eavami procesiranja in preob\u010dutljivosti.<\/p>\n<p>Ob\u010dutek stiska lahko:<br \/>&#8211; zmanj\u0161a stres in napetost<br \/>&#8211; re\u0161uje senzori\u010dne ob\u010dutljivosti in preobremenitve<br \/>&#8211; izbolj\u0161a zavedanje telesa in koncentracijo<br \/>&#8211; spro\u0161\u010da in poskrbi za la\u017eji spanec<br \/>&#8211; olaj\u0161a prehod med uporabo Squease brezrokavnika in ote\u017eenim jopi\u010dem; uporaba je druga\u010dna, kajti se ne uporabljajo ute\u017ei.<\/p>\n<p>Ko je brezrokavnik napihnjen, postane napet in zgornjemu delu telesa <strong>nudi trden objem<\/strong>. Zadrga se nahaja v notranjosti, ima kapuco ali nosite lahko pod puloverjem ali srajco; brezrokavnik je neviden &#8211; tudi ko je napihnjen!<\/p>\n<p>Squease se <strong>uspe\u0161no uporablja<\/strong> pri:<br \/>&#8211; Autism Spectrum Disorder (ASD)<br \/>&#8211; Motnje pozornosti \/ Attention Deficit (hiperaktivnost) Disorder (ADD \/ ADHD)<br \/>&#8211; Aspergerjev sindrom (AS)<br \/>&#8211; re\u0161uje u\u010dne te\u017eave<br \/>&#8211; Prodorna razvojna motnja (PDD \/ PDD-NOS)<br \/>&#8211; Proprioceptivna disfunkcija<br \/>&#8211; Senzori\u010dna integracija ali Processing Disorder (SID \/ SPD)<\/p>\n<p>Kaj se govori o Squease jopi\u010dih?<\/p>\n<p>Ljudje, ki so preizkusili Squease so imeli <strong>dobre rezultate<\/strong>: &#8220;napihljiv brezrokavnik pomaga za laj\u0161anje mojega strahu. Dobesedno &#8220;me ohranja v svojem telesu\u00ab, prijeten in varen ob\u010dutek; Pritisk je mogo\u010de enostavno uravnavati z ro\u010dno pumpo:&#8221;! Super je, da lahko sami uravnavate kolik\u0161en pritisk \u017eelite za svoje telo; &#8220;Squease je lahko pomo\u010d pri vsakdanjih situacijah: &#8220;Moj sin je pono\u010di nosil jopi\u010d in tiste no\u010di ni vstal iz postelje. Zdel se je zelo zadovoljen.&#8221; Squease je na voljo v 3 razli\u010dnih velikostih. Pri vsaki velikosti je zlahka mogo\u010de prilagajati stisk zadrge.<\/p>\n<p>U\u010diteljica poda mnenje o u\u010dencu, ki uporablja Squease jopi\u010d:&#8221;Opazila sem, da je u\u010denec takoj po uporabi jopi\u010da postal bolj umirjen, bolj spro\u0161\u010den. Po uporabi je hitro spremenil obna\u0161anje.&#8221;<\/p>\n<\/p>\n<p>Kako dolo\u010dite pravo velikost jopi\u010da?<\/p>\n<table>\n<tbody>\n<tr>\n<td>Velikost<\/td>\n<td>Small<\/td>\n<td>Large<\/td>\n<td>Medium<\/td>\n<\/tr>\n<tr>\n<td>Prsa (cm)<\/td>\n<td>77 &#8211; 90<\/td>\n<td>85 &#8211; 102<\/td>\n<td>90 &#8211; 110<\/td>\n<\/tr>\n<tr>\n<td>Pas (cm)<\/td>\n<td>72 &#8211; 85<\/td>\n<td>75 &#8211; 92<\/td>\n<td>80 &#8211; 100<\/td>\n<\/tr>\n<tr>\n<td>Vi\u0161ina (cm)<\/td>\n<td>154 &#8211; 166<\/td>\n<td>164 &#8211; 178<\/td>\n<td>176 &#8211; 192<\/td>\n<\/tr>\n<\/tbody>\n<\/table>","protected":false},"excerpt":{"rendered":"<p>Squease jopi\u010d &#8211; Medium<\/p>","protected":false},"featured_media":5436,"menu_order":0,"comment_status":"open","ping_status":"closed","template":"","meta":[],"product_brand":[],"product_cat":[98,95,97,100],"product_tag":[],"class_list":{"0":"post-2521","1":"product","2":"type-product","3":"status-publish","4":"has-post-thumbnail","6":"product_cat-obcutek-telesa","7":"product_cat-propriocepcija","8":"product_cat-razlicnost-stiska","9":"product_cat-udobje","11":"first","12":"instock","13":"taxable","14":"shipping-taxable","15":"purchasable","16":"product-type-simple"},"_links":{"self":[{"href":"https:\/\/senzorika.ajvonidol.si\/en\/wp-json\/wp\/v2\/product\/2521","targetHints":{"allow":["GET"]}}],"collection":[{"href":"https:\/\/senzorika.ajvonidol.si\/en\/wp-json\/wp\/v2\/product"}],"about":[{"href":"https:\/\/senzorika.ajvonidol.si\/en\/wp-json\/wp\/v2\/types\/product"}],"replies":[{"embeddable":true,"href":"https:\/\/senzorika.ajvonidol.si\/en\/wp-json\/wp\/v2\/comments?post=2521"}],"version-history":[{"count":1,"href":"https:\/\/senzorika.ajvonidol.si\/en\/wp-json\/wp\/v2\/product\/2521\/revisions"}],"predecessor-version":[{"id":2522,"href":"https:\/\/senzorika.ajvonidol.si\/en\/wp-json\/wp\/v2\/product\/2521\/revisions\/2522"}],"wp:featuredmedia":[{"embeddable":true,"href":"https:\/\/senzorika.ajvonidol.si\/en\/wp-json\/wp\/v2\/media\/5436"}],"wp:attachment":[{"href":"https:\/\/senzorika.ajvonidol.si\/en\/wp-json\/wp\/v2\/media?parent=2521"}],"wp:term":[{"taxonomy":"product_brand","embeddable":true,"href":"https:\/\/senzorika.ajvonidol.si\/en\/wp-json\/wp\/v2\/product_brand?post=2521"},{"taxonomy":"product_cat","embeddable":true,"href":"https:\/\/senzorika.ajvonidol.si\/en\/wp-json\/wp\/v2\/product_cat?post=2521"},{"taxonomy":"product_tag","embeddable":true,"href":"https:\/\/senzorika.ajvonidol.si\/en\/wp-json\/wp\/v2\/product_tag?post=2521"}],"curies":[{"name":"wp","href":"https:\/\/api.w.org\/{rel}","templated":true}]}}