{"id":2043,"date":"2025-11-03T21:53:33","date_gmt":"2025-11-03T21:53:33","guid":{"rendered":"https:\/\/senzorika.ajvonidol.si\/?post_type=product&#038;p=2043"},"modified":"2025-12-31T08:33:49","modified_gmt":"2025-12-31T08:33:49","slug":"kozna-kaca","status":"publish","type":"product","link":"https:\/\/senzorika.ajvonidol.si\/en\/product\/kozna-kaca\/","title":{"rendered":"Ko\u017ena ka\u010da"},"content":{"rendered":"<p>Ko\u017ea drsi po Ropotajo\u010di ka\u010di in dodaja taktilno dimenzijo. Pralna in se ne skr\u010di.<\/p>","protected":false},"excerpt":{"rendered":"<p>Ko\u017ena ka\u010da<\/p>","protected":false},"featured_media":5984,"menu_order":0,"comment_status":"open","ping_status":"closed","template":"","meta":[],"product_brand":[],"product_cat":[82,98,95,125,80,84],"product_tag":[],"class_list":{"0":"post-2043","1":"product","2":"type-product","3":"status-publish","4":"has-post-thumbnail","6":"product_cat-mehke-igrace","7":"product_cat-obcutek-telesa","8":"product_cat-propriocepcija","9":"product_cat-snoezelen","10":"product_cat-taktilni-pripomocki","11":"product_cat-taktilno-razlikovanje","13":"first","14":"instock","15":"taxable","16":"shipping-taxable","17":"purchasable","18":"product-type-simple"},"_links":{"self":[{"href":"https:\/\/senzorika.ajvonidol.si\/en\/wp-json\/wp\/v2\/product\/2043","targetHints":{"allow":["GET"]}}],"collection":[{"href":"https:\/\/senzorika.ajvonidol.si\/en\/wp-json\/wp\/v2\/product"}],"about":[{"href":"https:\/\/senzorika.ajvonidol.si\/en\/wp-json\/wp\/v2\/types\/product"}],"replies":[{"embeddable":true,"href":"https:\/\/senzorika.ajvonidol.si\/en\/wp-json\/wp\/v2\/comments?post=2043"}],"version-history":[{"count":1,"href":"https:\/\/senzorika.ajvonidol.si\/en\/wp-json\/wp\/v2\/product\/2043\/revisions"}],"predecessor-version":[{"id":2044,"href":"https:\/\/senzorika.ajvonidol.si\/en\/wp-json\/wp\/v2\/product\/2043\/revisions\/2044"}],"wp:featuredmedia":[{"embeddable":true,"href":"https:\/\/senzorika.ajvonidol.si\/en\/wp-json\/wp\/v2\/media\/5984"}],"wp:attachment":[{"href":"https:\/\/senzorika.ajvonidol.si\/en\/wp-json\/wp\/v2\/media?parent=2043"}],"wp:term":[{"taxonomy":"product_brand","embeddable":true,"href":"https:\/\/senzorika.ajvonidol.si\/en\/wp-json\/wp\/v2\/product_brand?post=2043"},{"taxonomy":"product_cat","embeddable":true,"href":"https:\/\/senzorika.ajvonidol.si\/en\/wp-json\/wp\/v2\/product_cat?post=2043"},{"taxonomy":"product_tag","embeddable":true,"href":"https:\/\/senzorika.ajvonidol.si\/en\/wp-json\/wp\/v2\/product_tag?post=2043"}],"curies":[{"name":"wp","href":"https:\/\/api.w.org\/{rel}","templated":true}]}}