{"id":1911,"date":"2025-11-03T21:53:19","date_gmt":"2025-11-03T21:53:19","guid":{"rendered":"https:\/\/senzorika.ajvonidol.si\/?post_type=product&#038;p=1911"},"modified":"2025-12-31T08:34:12","modified_gmt":"2025-12-31T08:34:12","slug":"sirok-sedez","status":"publish","type":"product","link":"https:\/\/senzorika.ajvonidol.si\/en\/product\/sirok-sedez\/","title":{"rendered":"\u0160irok sede\u017e"},"content":{"rendered":"<p>Posebno \u0161irok sede\u017e je pripravljen za dodatno udobje, \u0161irina 38cm.<\/p>","protected":false},"excerpt":{"rendered":"<p>\u0160irok sede\u017e<\/p>","protected":false},"featured_media":9581,"menu_order":0,"comment_status":"open","ping_status":"closed","template":"","meta":[],"product_brand":[],"product_cat":[76,78,75],"product_tag":[],"class_list":{"0":"post-1911","1":"product","2":"type-product","3":"status-publish","4":"has-post-thumbnail","6":"product_cat-gugalnice","7":"product_cat-senzorna-integracija","8":"product_cat-vestibularni-pripomocki","10":"first","11":"instock","12":"taxable","13":"shipping-taxable","14":"purchasable","15":"product-type-simple"},"_links":{"self":[{"href":"https:\/\/senzorika.ajvonidol.si\/en\/wp-json\/wp\/v2\/product\/1911","targetHints":{"allow":["GET"]}}],"collection":[{"href":"https:\/\/senzorika.ajvonidol.si\/en\/wp-json\/wp\/v2\/product"}],"about":[{"href":"https:\/\/senzorika.ajvonidol.si\/en\/wp-json\/wp\/v2\/types\/product"}],"replies":[{"embeddable":true,"href":"https:\/\/senzorika.ajvonidol.si\/en\/wp-json\/wp\/v2\/comments?post=1911"}],"version-history":[{"count":1,"href":"https:\/\/senzorika.ajvonidol.si\/en\/wp-json\/wp\/v2\/product\/1911\/revisions"}],"predecessor-version":[{"id":1912,"href":"https:\/\/senzorika.ajvonidol.si\/en\/wp-json\/wp\/v2\/product\/1911\/revisions\/1912"}],"wp:featuredmedia":[{"embeddable":true,"href":"https:\/\/senzorika.ajvonidol.si\/en\/wp-json\/wp\/v2\/media\/9581"}],"wp:attachment":[{"href":"https:\/\/senzorika.ajvonidol.si\/en\/wp-json\/wp\/v2\/media?parent=1911"}],"wp:term":[{"taxonomy":"product_brand","embeddable":true,"href":"https:\/\/senzorika.ajvonidol.si\/en\/wp-json\/wp\/v2\/product_brand?post=1911"},{"taxonomy":"product_cat","embeddable":true,"href":"https:\/\/senzorika.ajvonidol.si\/en\/wp-json\/wp\/v2\/product_cat?post=1911"},{"taxonomy":"product_tag","embeddable":true,"href":"https:\/\/senzorika.ajvonidol.si\/en\/wp-json\/wp\/v2\/product_tag?post=1911"}],"curies":[{"name":"wp","href":"https:\/\/api.w.org\/{rel}","templated":true}]}}