{"id":1745,"date":"2025-11-03T21:52:57","date_gmt":"2025-11-03T21:52:57","guid":{"rendered":"https:\/\/senzorika.ajvonidol.si\/?post_type=product&#038;p=1745"},"modified":"2026-01-04T21:30:29","modified_gmt":"2026-01-04T21:30:29","slug":"taktilni-zakelj","status":"publish","type":"product","link":"https:\/\/senzorika.ajvonidol.si\/en\/product\/taktilni-zakelj\/","title":{"rendered":"Taktilni \u017eakelj"},"content":{"rendered":"<p>V bomba\u017eni vre\u010dki se nahaja 20 kvadratov iz razli\u010dnih materialov. Niz 20 kvadratov gradiva z razli\u010dnimi teksturami, pakirane v vrvico bomba\u017ene vre\u010dke.<\/p>","protected":false},"excerpt":{"rendered":"<p>Taktilni \u017eakelj<\/p>","protected":false},"featured_media":5867,"menu_order":0,"comment_status":"open","ping_status":"closed","template":"","meta":[],"product_brand":[],"product_cat":[82,80,84],"product_tag":[],"class_list":{"0":"post-1745","1":"product","2":"type-product","3":"status-publish","4":"has-post-thumbnail","6":"product_cat-mehke-igrace","7":"product_cat-taktilni-pripomocki","8":"product_cat-taktilno-razlikovanje","10":"first","11":"instock","12":"taxable","13":"shipping-taxable","14":"purchasable","15":"product-type-simple"},"_links":{"self":[{"href":"https:\/\/senzorika.ajvonidol.si\/en\/wp-json\/wp\/v2\/product\/1745","targetHints":{"allow":["GET"]}}],"collection":[{"href":"https:\/\/senzorika.ajvonidol.si\/en\/wp-json\/wp\/v2\/product"}],"about":[{"href":"https:\/\/senzorika.ajvonidol.si\/en\/wp-json\/wp\/v2\/types\/product"}],"replies":[{"embeddable":true,"href":"https:\/\/senzorika.ajvonidol.si\/en\/wp-json\/wp\/v2\/comments?post=1745"}],"version-history":[{"count":1,"href":"https:\/\/senzorika.ajvonidol.si\/en\/wp-json\/wp\/v2\/product\/1745\/revisions"}],"predecessor-version":[{"id":1746,"href":"https:\/\/senzorika.ajvonidol.si\/en\/wp-json\/wp\/v2\/product\/1745\/revisions\/1746"}],"wp:featuredmedia":[{"embeddable":true,"href":"https:\/\/senzorika.ajvonidol.si\/en\/wp-json\/wp\/v2\/media\/5867"}],"wp:attachment":[{"href":"https:\/\/senzorika.ajvonidol.si\/en\/wp-json\/wp\/v2\/media?parent=1745"}],"wp:term":[{"taxonomy":"product_brand","embeddable":true,"href":"https:\/\/senzorika.ajvonidol.si\/en\/wp-json\/wp\/v2\/product_brand?post=1745"},{"taxonomy":"product_cat","embeddable":true,"href":"https:\/\/senzorika.ajvonidol.si\/en\/wp-json\/wp\/v2\/product_cat?post=1745"},{"taxonomy":"product_tag","embeddable":true,"href":"https:\/\/senzorika.ajvonidol.si\/en\/wp-json\/wp\/v2\/product_tag?post=1745"}],"curies":[{"name":"wp","href":"https:\/\/api.w.org\/{rel}","templated":true}]}}