{"id":1473,"date":"2025-11-03T21:51:43","date_gmt":"2025-11-03T21:51:43","guid":{"rendered":"https:\/\/senzorika.ajvonidol.si\/?post_type=product&#038;p=1473"},"modified":"2025-12-31T08:35:31","modified_gmt":"2025-12-31T08:35:31","slug":"vibrirajoca-blazina-s-stikalom","status":"publish","type":"product","link":"https:\/\/senzorika.ajvonidol.si\/en\/product\/vibrirajoca-blazina-s-stikalom\/","title":{"rendered":"Vibrirajo\u010da blazina na stikalo"},"content":{"rendered":"<div><!--block-->Stikalo ni vklju\u010deno. Baterije niso vklju\u010dene. Slika je simboli\u010dna.<\/div>","protected":false},"excerpt":{"rendered":"<p>Vibrirajo\u010da blazina na stikalo<\/p>","protected":false},"featured_media":5028,"menu_order":0,"comment_status":"open","ping_status":"closed","template":"","meta":[],"product_brand":[],"product_cat":[96,82,98,112,95,97,125,107,111,80,100,99],"product_tag":[],"class_list":{"0":"post-1473","1":"product","2":"type-product","3":"status-publish","4":"has-post-thumbnail","6":"product_cat-masaza","7":"product_cat-mehke-igrace","8":"product_cat-obcutek-telesa","9":"product_cat-odzivnost-in-nagrajevanje","10":"product_cat-propriocepcija","11":"product_cat-razlicnost-stiska","12":"product_cat-snoezelen","13":"product_cat-spoznavanje","14":"product_cat-stikala","15":"product_cat-taktilni-pripomocki","16":"product_cat-udobje","17":"product_cat-vibracije","19":"first","20":"instock","21":"taxable","22":"shipping-taxable","23":"purchasable","24":"product-type-simple"},"_links":{"self":[{"href":"https:\/\/senzorika.ajvonidol.si\/en\/wp-json\/wp\/v2\/product\/1473","targetHints":{"allow":["GET"]}}],"collection":[{"href":"https:\/\/senzorika.ajvonidol.si\/en\/wp-json\/wp\/v2\/product"}],"about":[{"href":"https:\/\/senzorika.ajvonidol.si\/en\/wp-json\/wp\/v2\/types\/product"}],"replies":[{"embeddable":true,"href":"https:\/\/senzorika.ajvonidol.si\/en\/wp-json\/wp\/v2\/comments?post=1473"}],"version-history":[{"count":1,"href":"https:\/\/senzorika.ajvonidol.si\/en\/wp-json\/wp\/v2\/product\/1473\/revisions"}],"predecessor-version":[{"id":1474,"href":"https:\/\/senzorika.ajvonidol.si\/en\/wp-json\/wp\/v2\/product\/1473\/revisions\/1474"}],"wp:featuredmedia":[{"embeddable":true,"href":"https:\/\/senzorika.ajvonidol.si\/en\/wp-json\/wp\/v2\/media\/5028"}],"wp:attachment":[{"href":"https:\/\/senzorika.ajvonidol.si\/en\/wp-json\/wp\/v2\/media?parent=1473"}],"wp:term":[{"taxonomy":"product_brand","embeddable":true,"href":"https:\/\/senzorika.ajvonidol.si\/en\/wp-json\/wp\/v2\/product_brand?post=1473"},{"taxonomy":"product_cat","embeddable":true,"href":"https:\/\/senzorika.ajvonidol.si\/en\/wp-json\/wp\/v2\/product_cat?post=1473"},{"taxonomy":"product_tag","embeddable":true,"href":"https:\/\/senzorika.ajvonidol.si\/en\/wp-json\/wp\/v2\/product_tag?post=1473"}],"curies":[{"name":"wp","href":"https:\/\/api.w.org\/{rel}","templated":true}]}}