{"id":10262,"date":"2025-12-05T22:07:31","date_gmt":"2025-12-05T22:07:31","guid":{"rendered":"https:\/\/senzorika.ajvonidol.si\/?post_type=product&#038;p=10262"},"modified":"2025-12-27T19:41:11","modified_gmt":"2025-12-27T19:41:11","slug":"viseca-gugalnica-2","status":"publish","type":"product","link":"https:\/\/senzorika.ajvonidol.si\/en\/product\/viseca-gugalnica-2\/","title":{"rendered":"Vise\u010da gugalnica"},"content":{"rendered":"<p>Vise\u010de mre\u017ee otrokom nudijo miren in prijeten prostor za igro in po\u010ditek. Enakomerno nihanje lahko spodbudi otrokov ob\u010dutek za ravnote\u017eje in razvoj. Velikost izdelka: 70 x 70 x 140 cm; glavni material: terilen, polnilo: poliester<\/p>","protected":false},"excerpt":{"rendered":"<p>Vise\u010de mre\u017ee otrokom nudijo miren in prijeten prostor za igro in po\u010ditek. Enakomerno nihanje lahko spodbudi otrokov ob\u010dutek za ravnote\u017eje in razvoj. Velikost izdelka: 70 x 70 x 140 cm; glavni material: terilen, polnilo: poliester<\/p>","protected":false},"featured_media":12006,"menu_order":0,"comment_status":"open","ping_status":"closed","template":"","meta":[],"product_brand":[],"product_cat":[76,78,75],"product_tag":[],"class_list":{"0":"post-10262","1":"product","2":"type-product","3":"status-publish","4":"has-post-thumbnail","6":"product_cat-gugalnice","7":"product_cat-senzorna-integracija","8":"product_cat-vestibularni-pripomocki","10":"first","11":"instock","12":"taxable","13":"shipping-taxable","14":"purchasable","15":"product-type-simple"},"_links":{"self":[{"href":"https:\/\/senzorika.ajvonidol.si\/en\/wp-json\/wp\/v2\/product\/10262","targetHints":{"allow":["GET"]}}],"collection":[{"href":"https:\/\/senzorika.ajvonidol.si\/en\/wp-json\/wp\/v2\/product"}],"about":[{"href":"https:\/\/senzorika.ajvonidol.si\/en\/wp-json\/wp\/v2\/types\/product"}],"replies":[{"embeddable":true,"href":"https:\/\/senzorika.ajvonidol.si\/en\/wp-json\/wp\/v2\/comments?post=10262"}],"version-history":[{"count":1,"href":"https:\/\/senzorika.ajvonidol.si\/en\/wp-json\/wp\/v2\/product\/10262\/revisions"}],"predecessor-version":[{"id":10263,"href":"https:\/\/senzorika.ajvonidol.si\/en\/wp-json\/wp\/v2\/product\/10262\/revisions\/10263"}],"wp:featuredmedia":[{"embeddable":true,"href":"https:\/\/senzorika.ajvonidol.si\/en\/wp-json\/wp\/v2\/media\/12006"}],"wp:attachment":[{"href":"https:\/\/senzorika.ajvonidol.si\/en\/wp-json\/wp\/v2\/media?parent=10262"}],"wp:term":[{"taxonomy":"product_brand","embeddable":true,"href":"https:\/\/senzorika.ajvonidol.si\/en\/wp-json\/wp\/v2\/product_brand?post=10262"},{"taxonomy":"product_cat","embeddable":true,"href":"https:\/\/senzorika.ajvonidol.si\/en\/wp-json\/wp\/v2\/product_cat?post=10262"},{"taxonomy":"product_tag","embeddable":true,"href":"https:\/\/senzorika.ajvonidol.si\/en\/wp-json\/wp\/v2\/product_tag?post=10262"}],"curies":[{"name":"wp","href":"https:\/\/api.w.org\/{rel}","templated":true}]}}