{"id":875,"date":"2025-10-30T20:43:12","date_gmt":"2025-10-30T20:43:12","guid":{"rendered":"https:\/\/senzorika.ajvonidol.si\/?page_id=875"},"modified":"2025-10-30T20:43:15","modified_gmt":"2025-10-30T20:43:15","slug":"nacini-placila","status":"publish","type":"page","link":"https:\/\/senzorika.ajvonidol.si\/en\/nacini-placila\/","title":{"rendered":"Na\u010dini pla\u010dila"},"content":{"rendered":"<p>Ponudnik omogo\u010da pla\u010dilo z nakazilom na ra\u010dun upravitelja Senzorika Varga, Mario Varga s.p. (po ponudbi \/ predra\u010dunu).<\/p>\n\n\n\n<p>Ponudnik kupcu izda ra\u010dun na elektronskem mediju, z raz\u010dlenjenimi stro\u0161ki in navodili, kako odstopiti od nakupa in izdelke vrniti, \u010de je to potrebno in mogo\u010de.<br>Po potrditvi prejema naro\u010dila ni mo\u017ena sprememba vsebine naro\u010dila oz. kon\u010dnega zneska naro\u010dila, razen izjemoma z odobritvijo podjetja Senzorika Varga, Mario Varga s.p..<\/p>\n\n\n\n<p>Nobeden izmed na\u010dinov pla\u010dila ne spremeni cene!<\/p>\n\n\n\n<p>Kupec kadarkoli lahko zaprosi za kopijo naro\u010dila, ki jo je oddal preko spletne trgovine. To stori tako, da to \u017eeljo izrazi s sporo\u010dilom preko elektronske po\u0161te na <a href=\"mailto:info@senzorika-varga.si\">info@senzorika-varga.si<\/a>.<\/p>\n\n\n\n<p style=\"font-size:23px\"><strong>Vra\u010dilo blaga<\/strong><\/p>\n\n\n\n<p>Kupec, ki naro\u010di izdelke v spletni trgovini Senzorika-varga.si, lahko v primeru, da z naro\u010denimi izdelki ni zadovoljen ali \u017eeli od pogodbe (nakupa) odstopiti iz kakr\u0161negakoli razloga odstopiti, v roku 14 dni od prejema izdelka sporo\u010di na e-naslov info@senzorika-varga.si, da odstopa od pogodbe, ne da bi mu bilo potrebno navesti razlog za svojo odlo\u010ditev.<\/p>\n\n\n\n<p>V roku 14 dni po sporo\u010dilu mora blago v nespremenjeni koli\u010di in nepo\u0161kodovano poslati na naslov, ki mu ga sporo\u010dimo.<\/p>\n\n\n\n<p>Kupcu v roku 14 dni od prejema sporo\u010dila vrnemo vsa opravljena pla\u010dila brez da kupec to zahteva.<\/p>\n\n\n\n<p>Pri vra\u010dilu izdelkov, morate prilo\u017eiti&nbsp;<a href=\"https:\/\/medicinski-pripomocki.com\/media\/wysiwyg\/obrazci\/Odstop_.docx\">obrazec za odstop od pogodbe<\/a>. Prilo\u017eite tudi kopijo ra\u010duna.<\/p>\n\n\n\n<p>Artikle lahko vrnete tako, da jih po\u0161ljete na naslov prodajalca Senzorika Varga, Dobrovnik 204G, 9223 Dobrovnik.<\/p>\n\n\n\n<p>Priporo\u010damo, da uporabite dostavno slu\u017ebo, ki omogo\u010da sledenje po\u0161iljke in da artikle ustrezno pripravite za transport (uporabite embala\u017eo, v kateri ste prejeli izdelke).<\/p>\n\n\n\n<p>Stro\u0161ke po\u0161iljanja vedno krije po\u0161iljatelj, razen \u010de je vnaprej dogovorjeno druga\u010de. Pla\u010dilo stro\u0161kov vra\u010dila blaga je na na\u010din, kakor je kupec izvedel nakup.<\/p>\n\n\n\n<p>Pri odstopu od pogodbe, kjer je bil kori\u0161\u010den bonus, koda za popust ali promocijska koda, se ta sredstva upo\u0161tevajo kot popust in se uporabniku ne vrnejo. Na TRR uporabnika ali drugo pla\u010dilno sredstvo, v kolikor to izrecno zahteva uporabnik, se vrne le vpla\u010dani znesek. Darilni bon se pri odstopu od pogodbe upo\u0161teva kot pla\u010dilno sredstvo in se znesek prav tako vrne uporabniku.<\/p>\n\n\n\n<p style=\"font-size:23px\"><strong>Vra\u010dilo artikla za pravne osebe<\/strong><\/p>\n\n\n\n<p>\u010ce \u017eelite ra\u010dun na podjetje, sprejemate pogoje poslovanja, ki veljajo za podjetja. Podjetjem, samostojnim podjetnikom in drugim pravnim osebam omogo\u010damo vra\u010dilo po\u0161iljk artiklov v okviru garancijskih pogojev. Pravne osebe nimajo mo\u017enosti odstopa od pogodbe v 14 dneh ali vra\u010dila kupnine kot to velja za potro\u0161nike (fizi\u010dne osebe).<\/p>\n\n\n\n<p>Za vsa dodatna vpra\u0161anja nas pokli\u010dete na <strong>031 314 963<\/strong> ali nam pi\u0161ete na <a href=\"mailto:info@senzorika-varga.si\">info@senzorika-varga.si<\/a>. Z veseljem vam bomo odgovorili.<\/p>\n\n\n\n<p><\/p>","protected":false},"excerpt":{"rendered":"<p>Ponudnik omogo\u010da pla\u010dilo z nakazilom na ra\u010dun upravitelja Senzorika Varga, Mario Varga s.p. (po ponudbi \/ predra\u010dunu). Ponudnik kupcu izda ra\u010dun na elektronskem mediju, z raz\u010dlenjenimi stro\u0161ki in navodili, kako odstopiti od nakupa in izdelke vrniti, \u010de je to potrebno in mogo\u010de.Po potrditvi prejema naro\u010dila ni mo\u017ena sprememba vsebine naro\u010dila oz. kon\u010dnega zneska naro\u010dila, razen &#8230;<\/p>","protected":false},"author":1,"featured_media":0,"parent":0,"menu_order":0,"comment_status":"closed","ping_status":"closed","template":"","meta":{"footnotes":""},"class_list":["post-875","page","type-page","status-publish","hentry"],"_links":{"self":[{"href":"https:\/\/senzorika.ajvonidol.si\/en\/wp-json\/wp\/v2\/pages\/875","targetHints":{"allow":["GET"]}}],"collection":[{"href":"https:\/\/senzorika.ajvonidol.si\/en\/wp-json\/wp\/v2\/pages"}],"about":[{"href":"https:\/\/senzorika.ajvonidol.si\/en\/wp-json\/wp\/v2\/types\/page"}],"author":[{"embeddable":true,"href":"https:\/\/senzorika.ajvonidol.si\/en\/wp-json\/wp\/v2\/users\/1"}],"replies":[{"embeddable":true,"href":"https:\/\/senzorika.ajvonidol.si\/en\/wp-json\/wp\/v2\/comments?post=875"}],"version-history":[{"count":2,"href":"https:\/\/senzorika.ajvonidol.si\/en\/wp-json\/wp\/v2\/pages\/875\/revisions"}],"predecessor-version":[{"id":877,"href":"https:\/\/senzorika.ajvonidol.si\/en\/wp-json\/wp\/v2\/pages\/875\/revisions\/877"}],"wp:attachment":[{"href":"https:\/\/senzorika.ajvonidol.si\/en\/wp-json\/wp\/v2\/media?parent=875"}],"curies":[{"name":"wp","href":"https:\/\/api.w.org\/{rel}","templated":true}]}}